{"id":5435,"date":"2023-08-29T10:59:30","date_gmt":"2023-08-29T08:59:30","guid":{"rendered":"https:\/\/www.luciotraficante.com\/accesibilidad\/"},"modified":"2024-10-22T17:31:50","modified_gmt":"2024-10-22T15:31:50","slug":"accesibilidad","status":"publish","type":"page","link":"https:\/\/www.luciotraficante.com\/es\/accesibilidad\/","title":{"rendered":"Accesibilidad"},"content":{"rendered":"\t\t<div data-elementor-type=\"wp-page\" data-elementor-id=\"5435\" class=\"elementor elementor-5435 elementor-1826\" data-elementor-post-type=\"page\">\n\t\t\t\t\t\t<section class=\"elementor-section elementor-top-section elementor-element elementor-element-18cb86f elementor-section-boxed elementor-section-height-default elementor-section-height-default elementor-invisible\" data-id=\"18cb86f\" data-element_type=\"section\" data-e-type=\"section\" data-settings=\"{&quot;background_background&quot;:&quot;slideshow&quot;,&quot;background_slideshow_gallery&quot;:[{&quot;id&quot;:2018,&quot;url&quot;:&quot;https:\\\/\\\/www.luciotraficante.com\\\/wp-content\\\/uploads\\\/2023\\\/12\\\/Imagen2.jpg&quot;},{&quot;id&quot;:2019,&quot;url&quot;:&quot;https:\\\/\\\/www.luciotraficante.com\\\/wp-content\\\/uploads\\\/2023\\\/12\\\/Imagen1.jpg&quot;}],&quot;background_slideshow_lazyload&quot;:&quot;yes&quot;,&quot;background_slideshow_ken_burns&quot;:&quot;yes&quot;,&quot;animation&quot;:&quot;fadeIn&quot;,&quot;background_slideshow_loop&quot;:&quot;yes&quot;,&quot;background_slideshow_slide_duration&quot;:5000,&quot;background_slideshow_slide_transition&quot;:&quot;fade&quot;,&quot;background_slideshow_transition_duration&quot;:500,&quot;background_slideshow_ken_burns_zoom_direction&quot;:&quot;in&quot;}\">\n\t\t\t\t\t\t<div class=\"elementor-container elementor-column-gap-default\">\n\t\t\t\t\t<div class=\"elementor-column elementor-col-100 elementor-top-column elementor-element elementor-element-f59ab3f\" data-id=\"f59ab3f\" data-element_type=\"column\" data-e-type=\"column\">\n\t\t\t<div class=\"elementor-widget-wrap elementor-element-populated\">\n\t\t\t\t\t\t<div class=\"elementor-element elementor-element-3faa1ba elementor-invisible elementor-widget elementor-widget-heading\" data-id=\"3faa1ba\" data-element_type=\"widget\" data-e-type=\"widget\" data-settings=\"{&quot;_animation&quot;:&quot;fadeIn&quot;}\" data-widget_type=\"heading.default\">\n\t\t\t\t<div class=\"elementor-widget-container\">\n\t\t\t\t\t<h1 class=\"elementor-heading-title elementor-size-default\">Accesibilidad<\/h1>\t\t\t\t<\/div>\n\t\t\t\t<\/div>\n\t\t\t\t\t<\/div>\n\t\t<\/div>\n\t\t\t\t\t<\/div>\n\t\t<\/section>\n\t\t\t\t<section class=\"elementor-section elementor-top-section elementor-element elementor-element-a8f7aed elementor-reverse-mobile elementor-section-boxed elementor-section-height-default elementor-section-height-default\" data-id=\"a8f7aed\" data-element_type=\"section\" data-e-type=\"section\">\n\t\t\t\t\t\t<div class=\"elementor-container elementor-column-gap-default\">\n\t\t\t\t\t<div class=\"elementor-column elementor-col-100 elementor-top-column elementor-element elementor-element-f1f2bc2\" data-id=\"f1f2bc2\" data-element_type=\"column\" data-e-type=\"column\">\n\t\t\t<div class=\"elementor-widget-wrap elementor-element-populated\">\n\t\t\t\t\t\t<div class=\"elementor-element elementor-element-c0e9417 elementor-widget elementor-widget-text-editor\" data-id=\"c0e9417\" data-element_type=\"widget\" data-e-type=\"widget\" data-widget_type=\"text-editor.default\">\n\t\t\t\t<div class=\"elementor-widget-container\">\n\t\t\t\t\t\t\t\t\t<p>Gracias por visitar el sitio web de Lucio Traficante &#8211; Estudio de Dise\u00f1o.<br \/>\nNos esforzamos para que nuestro sitio sea accesible a todos los usuarios, independientemente de sus capacidades o discapacidades.<br \/>\nNos comprometemos a cumplir las directrices de accesibilidad y a proporcionar una experiencia en l\u00ednea inclusiva a todos nuestros visitantes.<br \/>\nA continuaci\u00f3n, encontrar\u00e1s informaci\u00f3n importante sobre la accesibilidad de nuestro sitio web.   <\/p>\n<p><strong>COMPROMISO CON LA ACCESIBILIDAD<\/strong><\/p>\n<p>En Lucio Traficante &#8211; Estudio de Dise\u00f1o, nos tomamos muy en serio la accesibilidad y nos esforzamos continuamente por mejorar nuestro sitio web para garantizar que sea accesible a todos los usuarios.<br \/>\nNos comprometemos a cumplir las normas de accesibilidad aplicables y a seguir las directrices establecidas en las Pautas de Accesibilidad al Contenido en la Web (WCAG) 2.1. <\/p>\n<p><strong>MEDIDAS ADOPTADAS PARA MEJORAR LA ACCESIBILIDAD<\/strong><\/p>\n<p>Hemos puesto en marcha una serie de medidas para garantizar la accesibilidad de nuestro sitio web, entre las que se incluyen:<\/p>\n<ul>\n<li>Utilizar t\u00e9cnicas y normas de desarrollo web que promuevan la accesibilidad.<\/li>\n<li>Proporcionar un contraste adecuado entre el texto y el fondo para facilitar la legibilidad.<\/li>\n<li>Estructurar adecuadamente el contenido con encabezamientos jer\u00e1rquicos y etiquetas sem\u00e1nticas.<\/li>\n<li>Ofrecer una navegaci\u00f3n clara y coherente en todo el sitio web.<\/li>\n<li>Proporcionar transcripciones y subt\u00edtulos para los contenidos de audio y v\u00eddeo siempre que sea posible.<\/li>\n<li>Facilitar el uso de tecnolog\u00edas de apoyo y herramientas de navegaci\u00f3n.<\/li>\n<\/ul>\n<p><strong>MEJORAS FUTURAS<\/strong><\/p>\n<p>Reconocemos que la accesibilidad es un objetivo en evoluci\u00f3n, y nos comprometemos a seguir mejorando la accesibilidad de nuestro sitio web.<br \/>\nEstamos en proceso de realizar auditor\u00edas, pruebas y evaluaciones de accesibilidad peri\u00f3dicas para identificar y abordar cualquier problema que pueda surgir. <\/p>\n<p><strong>COMENTARIOS Y CONTACTO<\/strong><\/p>\n<p>Si encuentras dificultades para acceder a cualquier parte de nuestro sitio web o tienes comentarios, preguntas o sugerencias sobre la accesibilidad, te animamos a que te pongas en contacto con nosotros.<br \/>\nValoramos tus comentarios y nos esforzaremos por prestar la ayuda necesaria y mejorar la accesibilidad en la medida de lo posible. <\/p>\n<p>Puedes ponerte en contacto con nosotros a trav\u00e9s de los siguientes medios:<\/p>\n<ul>\n<li>Correo electr\u00f3nico: info@luciotraficante.com<\/li>\n<li>N\u00fameros de contacto: (+34) 930 134 642 \/ (+34) 654 808 504<\/li>\n<\/ul>\n<p><strong>ACTUALIZACIONES DE LA POL\u00cdTICA DE ACCESIBILIDAD<\/strong><\/p>\n<p>Esta pol\u00edtica de accesibilidad se revisa peri\u00f3dicamente y puede actualizarse de vez en cuando.<br \/>\nCualquier cambio significativo en esta pol\u00edtica se comunicar\u00e1 mediante un aviso en nuestro sitio web. <\/p>\n\t\t\t\t\t\t\t\t<\/div>\n\t\t\t\t<\/div>\n\t\t\t\t\t<\/div>\n\t\t<\/div>\n\t\t\t\t\t<\/div>\n\t\t<\/section>\n\t\t\t\t<\/div>\n\t\t","protected":false},"excerpt":{"rendered":"<p>Accesibilidad Gracias por visitar el sitio web de Lucio Traficante &#8211; Estudio de Dise\u00f1o. Nos esforzamos para que nuestro sitio sea accesible a todos los usuarios, independientemente de sus capacidades o discapacidades. Nos comprometemos a cumplir las directrices de accesibilidad y a proporcionar una experiencia en l\u00ednea inclusiva a todos nuestros visitantes. A continuaci\u00f3n, encontrar\u00e1s [&hellip;]<\/p>\n","protected":false},"author":1,"featured_media":0,"parent":0,"menu_order":20,"comment_status":"closed","ping_status":"closed","template":"","meta":{"footnotes":""},"class_list":["post-5435","page","type-page","status-publish","hentry"],"yoast_head":"<!-- This site is optimized with the Yoast SEO plugin v27.3 - https:\/\/yoast.com\/product\/yoast-seo-wordpress\/ -->\n<title>Accesibilidad - Lucio Traficante<\/title>\n<meta name=\"robots\" content=\"noindex, nofollow\" \/>\n<meta property=\"og:locale\" content=\"es_ES\" \/>\n<meta property=\"og:type\" content=\"article\" \/>\n<meta property=\"og:title\" content=\"Accesibilidad - Lucio Traficante\" \/>\n<meta property=\"og:description\" content=\"Accesibilidad Gracias por visitar el sitio web de Lucio Traficante &#8211; Estudio de Dise\u00f1o. Nos esforzamos para que nuestro sitio sea accesible a todos los usuarios, independientemente de sus capacidades o discapacidades. Nos comprometemos a cumplir las directrices de accesibilidad y a proporcionar una experiencia en l\u00ednea inclusiva a todos nuestros visitantes. A continuaci\u00f3n, encontrar\u00e1s [&hellip;]\" \/>\n<meta property=\"og:url\" content=\"https:\/\/www.luciotraficante.com\/es\/accesibilidad\/\" \/>\n<meta property=\"og:site_name\" content=\"Lucio Traficante\" \/>\n<meta property=\"article:modified_time\" content=\"2024-10-22T15:31:50+00:00\" \/>\n<meta name=\"twitter:card\" content=\"summary_large_image\" \/>\n<meta name=\"twitter:label1\" content=\"Tiempo de lectura\" \/>\n\t<meta name=\"twitter:data1\" content=\"2 minutos\" \/>\n<script type=\"application\/ld+json\" class=\"yoast-schema-graph\">{\"@context\":\"https:\\\/\\\/schema.org\",\"@graph\":[{\"@type\":\"WebPage\",\"@id\":\"https:\\\/\\\/www.luciotraficante.com\\\/es\\\/accesibilidad\\\/\",\"url\":\"https:\\\/\\\/www.luciotraficante.com\\\/es\\\/accesibilidad\\\/\",\"name\":\"Accesibilidad - Lucio Traficante\",\"isPartOf\":{\"@id\":\"https:\\\/\\\/www.luciotraficante.com\\\/es\\\/#website\"},\"datePublished\":\"2023-08-29T08:59:30+00:00\",\"dateModified\":\"2024-10-22T15:31:50+00:00\",\"breadcrumb\":{\"@id\":\"https:\\\/\\\/www.luciotraficante.com\\\/es\\\/accesibilidad\\\/#breadcrumb\"},\"inLanguage\":\"es\",\"potentialAction\":[{\"@type\":\"ReadAction\",\"target\":[\"https:\\\/\\\/www.luciotraficante.com\\\/es\\\/accesibilidad\\\/\"]}]},{\"@type\":\"BreadcrumbList\",\"@id\":\"https:\\\/\\\/www.luciotraficante.com\\\/es\\\/accesibilidad\\\/#breadcrumb\",\"itemListElement\":[{\"@type\":\"ListItem\",\"position\":1,\"name\":\"Portada\",\"item\":\"https:\\\/\\\/www.luciotraficante.com\\\/es\\\/\"},{\"@type\":\"ListItem\",\"position\":2,\"name\":\"Accesibilidad\"}]},{\"@type\":\"WebSite\",\"@id\":\"https:\\\/\\\/www.luciotraficante.com\\\/es\\\/#website\",\"url\":\"https:\\\/\\\/www.luciotraficante.com\\\/es\\\/\",\"name\":\"Lucio Traficante\",\"description\":\"Design Studio\",\"publisher\":{\"@id\":\"https:\\\/\\\/www.luciotraficante.com\\\/es\\\/#organization\"},\"potentialAction\":[{\"@type\":\"SearchAction\",\"target\":{\"@type\":\"EntryPoint\",\"urlTemplate\":\"https:\\\/\\\/www.luciotraficante.com\\\/es\\\/?s={search_term_string}\"},\"query-input\":{\"@type\":\"PropertyValueSpecification\",\"valueRequired\":true,\"valueName\":\"search_term_string\"}}],\"inLanguage\":\"es\"},{\"@type\":\"Organization\",\"@id\":\"https:\\\/\\\/www.luciotraficante.com\\\/es\\\/#organization\",\"name\":\"Lucio Traficante\",\"alternateName\":\"Lucio Traficante\",\"url\":\"https:\\\/\\\/www.luciotraficante.com\\\/es\\\/\",\"logo\":{\"@type\":\"ImageObject\",\"inLanguage\":\"es\",\"@id\":\"https:\\\/\\\/www.luciotraficante.com\\\/es\\\/#\\\/schema\\\/logo\\\/image\\\/\",\"url\":\"https:\\\/\\\/www.luciotraficante.com\\\/wp-content\\\/uploads\\\/2023\\\/10\\\/logo-lucio-traficante.png\",\"contentUrl\":\"https:\\\/\\\/www.luciotraficante.com\\\/wp-content\\\/uploads\\\/2023\\\/10\\\/logo-lucio-traficante.png\",\"width\":220,\"height\":25,\"caption\":\"Lucio Traficante\"},\"image\":{\"@id\":\"https:\\\/\\\/www.luciotraficante.com\\\/es\\\/#\\\/schema\\\/logo\\\/image\\\/\"}}]}<\/script>\n<!-- \/ Yoast SEO plugin. -->","yoast_head_json":{"title":"Accesibilidad - Lucio Traficante","robots":{"index":"noindex","follow":"nofollow"},"og_locale":"es_ES","og_type":"article","og_title":"Accesibilidad - Lucio Traficante","og_description":"Accesibilidad Gracias por visitar el sitio web de Lucio Traficante &#8211; Estudio de Dise\u00f1o. Nos esforzamos para que nuestro sitio sea accesible a todos los usuarios, independientemente de sus capacidades o discapacidades. Nos comprometemos a cumplir las directrices de accesibilidad y a proporcionar una experiencia en l\u00ednea inclusiva a todos nuestros visitantes. A continuaci\u00f3n, encontrar\u00e1s [&hellip;]","og_url":"https:\/\/www.luciotraficante.com\/es\/accesibilidad\/","og_site_name":"Lucio Traficante","article_modified_time":"2024-10-22T15:31:50+00:00","twitter_card":"summary_large_image","twitter_misc":{"Tiempo de lectura":"2 minutos"},"schema":{"@context":"https:\/\/schema.org","@graph":[{"@type":"WebPage","@id":"https:\/\/www.luciotraficante.com\/es\/accesibilidad\/","url":"https:\/\/www.luciotraficante.com\/es\/accesibilidad\/","name":"Accesibilidad - Lucio Traficante","isPartOf":{"@id":"https:\/\/www.luciotraficante.com\/es\/#website"},"datePublished":"2023-08-29T08:59:30+00:00","dateModified":"2024-10-22T15:31:50+00:00","breadcrumb":{"@id":"https:\/\/www.luciotraficante.com\/es\/accesibilidad\/#breadcrumb"},"inLanguage":"es","potentialAction":[{"@type":"ReadAction","target":["https:\/\/www.luciotraficante.com\/es\/accesibilidad\/"]}]},{"@type":"BreadcrumbList","@id":"https:\/\/www.luciotraficante.com\/es\/accesibilidad\/#breadcrumb","itemListElement":[{"@type":"ListItem","position":1,"name":"Portada","item":"https:\/\/www.luciotraficante.com\/es\/"},{"@type":"ListItem","position":2,"name":"Accesibilidad"}]},{"@type":"WebSite","@id":"https:\/\/www.luciotraficante.com\/es\/#website","url":"https:\/\/www.luciotraficante.com\/es\/","name":"Lucio Traficante","description":"Design Studio","publisher":{"@id":"https:\/\/www.luciotraficante.com\/es\/#organization"},"potentialAction":[{"@type":"SearchAction","target":{"@type":"EntryPoint","urlTemplate":"https:\/\/www.luciotraficante.com\/es\/?s={search_term_string}"},"query-input":{"@type":"PropertyValueSpecification","valueRequired":true,"valueName":"search_term_string"}}],"inLanguage":"es"},{"@type":"Organization","@id":"https:\/\/www.luciotraficante.com\/es\/#organization","name":"Lucio Traficante","alternateName":"Lucio Traficante","url":"https:\/\/www.luciotraficante.com\/es\/","logo":{"@type":"ImageObject","inLanguage":"es","@id":"https:\/\/www.luciotraficante.com\/es\/#\/schema\/logo\/image\/","url":"https:\/\/www.luciotraficante.com\/wp-content\/uploads\/2023\/10\/logo-lucio-traficante.png","contentUrl":"https:\/\/www.luciotraficante.com\/wp-content\/uploads\/2023\/10\/logo-lucio-traficante.png","width":220,"height":25,"caption":"Lucio Traficante"},"image":{"@id":"https:\/\/www.luciotraficante.com\/es\/#\/schema\/logo\/image\/"}}]}},"_links":{"self":[{"href":"https:\/\/www.luciotraficante.com\/es\/wp-json\/wp\/v2\/pages\/5435","targetHints":{"allow":["GET"]}}],"collection":[{"href":"https:\/\/www.luciotraficante.com\/es\/wp-json\/wp\/v2\/pages"}],"about":[{"href":"https:\/\/www.luciotraficante.com\/es\/wp-json\/wp\/v2\/types\/page"}],"author":[{"embeddable":true,"href":"https:\/\/www.luciotraficante.com\/es\/wp-json\/wp\/v2\/users\/1"}],"replies":[{"embeddable":true,"href":"https:\/\/www.luciotraficante.com\/es\/wp-json\/wp\/v2\/comments?post=5435"}],"version-history":[{"count":3,"href":"https:\/\/www.luciotraficante.com\/es\/wp-json\/wp\/v2\/pages\/5435\/revisions"}],"predecessor-version":[{"id":5438,"href":"https:\/\/www.luciotraficante.com\/es\/wp-json\/wp\/v2\/pages\/5435\/revisions\/5438"}],"wp:attachment":[{"href":"https:\/\/www.luciotraficante.com\/es\/wp-json\/wp\/v2\/media?parent=5435"}],"curies":[{"name":"wp","href":"https:\/\/api.w.org\/{rel}","templated":true}]}}